{"id":423,"date":"2023-01-22T14:41:36","date_gmt":"2023-01-22T13:41:36","guid":{"rendered":"https:\/\/johnny-gustavsson.se\/wordpress\/?page_id=423"},"modified":"2025-11-25T18:28:14","modified_gmt":"2025-11-25T17:28:14","slug":"lanktips","status":"publish","type":"page","link":"https:\/\/johnny-gustavsson.se\/wordpress\/lanktips\/","title":{"rendered":"L\u00e4nktips"},"content":{"rendered":"\n<div id=\"sb_instagram\"  class=\"sbi sbi_mob_col_1 sbi_tab_col_2 sbi_col_4 sbi_width_resp\" style=\"padding-bottom: 10px;\"\t data-feedid=\"*1\"  data-res=\"auto\" data-cols=\"4\" data-colsmobile=\"1\" data-colstablet=\"2\" data-num=\"20\" data-nummobile=\"20\" data-item-padding=\"5\"\t data-shortcode-atts=\"{}\"  data-postid=\"423\" data-locatornonce=\"23ba0cdfc8\" data-imageaspectratio=\"1:1\" data-sbi-flags=\"favorLocal\">\n\t\n\t<div id=\"sbi_images\"  style=\"gap: 10px;\">\n\t\t\t<\/div>\n\n\t<div id=\"sbi_load\" >\n\n\t\n\t\n<\/div>\n\t\t<span class=\"sbi_resized_image_data\" data-feed-id=\"*1\"\n\t\t  data-resized=\"[]\">\n\t<\/span>\n\t<\/div>\n\n\n\n\n<p><\/p>\n\n\n\n<p><\/p>\n\n\n\n<p><\/p>\n\n\n\n<p><\/p>\n\n\n\n<p class=\"has-white-color has-text-color has-link-color has-huge-font-size wp-elements-811b87974f3082eb79fb72f243d0ba5c\"><strong>Siri<\/strong><\/p>\n\n\n\n<p class=\"has-white-color has-text-color has-link-color has-huge-font-size wp-elements-953257af4294a0b2f41c081547e02d70\">Artist fr\u00e5n Berlin som numera \u00e4r baserad i Link\u00f6ping som konstn\u00e4r med flera grenar. Tittar du in p\u00e5 hennes sidor hittar du makal\u00f6sa nakenstudier och minst lika fina Link\u00f6pingsmotiv.<\/p>\n\n\n\n<p class=\"has-white-color has-text-color has-link-color wp-elements-465bccb395a4dd95b0896b9857e23fa5\"><a href=\"https:\/\/www.sirisundin.com\/linkoping-shop\" title=\"\">https:\/\/www.sirisundin.com\/<\/a><\/p>\n\n\n\n<h2 class=\"wp-block-heading\">Frida<\/h2>\n\n\n\n<p class=\"has-white-color has-text-color\">Nyfiken p\u00e5 vad olika triggers g\u00f6r med dig? Kolla in Fridas hemsida!<\/p>\n\n\n\n<p><\/p>\n\n\n\n<p><a href=\"https:\/\/www.fhttps:\/\/www.freedombyfrida.com\/reedombyfrida.com\/\">https:\/\/www.freedombyfrida.com<\/a><\/p>\n\n\n\n<h2 class=\"wp-block-heading\">Stefan Hagdahl<\/h2>\n\n\n\n<p class=\"has-white-color has-text-color\">Stefan \u00e4r en varm person som efter m\u00e5nga \u00e5r inom R\u00e4ddningstj\u00e4nsten blev \u00e4nnu hetare som smed.<\/p>\n\n\n\n<figure class=\"wp-block-embed is-type-wp-embed is-provider-johnny-gustavsson wp-block-embed-johnny-gustavsson\"><div class=\"wp-block-embed__wrapper\">\n<blockquote class=\"wp-embedded-content\" data-secret=\"JVUeHV3Ep3\"><a href=\"https:\/\/johnny-gustavsson.se\/wordpress\/den-sista-bilden\/\">Sista bilden som journalist: Stefan Hagdahl<\/a><\/blockquote><iframe loading=\"lazy\" class=\"wp-embedded-content\" sandbox=\"allow-scripts\" security=\"restricted\" style=\"position: absolute; visibility: hidden;\" title=\"&#8221;Sista bilden som journalist: Stefan Hagdahl&#8221; &#8212; Johnny Gustavsson \u2013 \" src=\"https:\/\/johnny-gustavsson.se\/wordpress\/den-sista-bilden\/embed\/#?secret=EMlunArNCq#?secret=JVUeHV3Ep3\" data-secret=\"JVUeHV3Ep3\" width=\"500\" height=\"282\" frameborder=\"0\" marginwidth=\"0\" marginheight=\"0\" scrolling=\"no\"><\/iframe>\n<\/div><\/figure>\n\n\n\n<p><a href=\"https:\/\/hagdahlssmide.se\/\" title=\"\">Till smedjan<\/a><\/p>\n\n\n\n<h2 class=\"wp-block-heading\">Jeppe Gustafsson<\/h2>\n\n\n\n<p class=\"has-white-color has-text-color\">Gammal rutinerad fotografkollega som alltid levererar<\/p>\n\n\n\n<p><a href=\"https:\/\/xn--bildstergtland-ypbf.se\/\" title=\"\">Bild\u00d6sterg\u00f6tland<\/a><\/p>\n\n\n\n<p><\/p>\n\n\n\n<h2 class=\"wp-block-heading\">Peter Coulson<\/h2>\n\n\n\n<p class=\"has-white-color has-text-color\">Mycket driven fotograf fr\u00e5n Australien. En stor inspirat\u00f6r f\u00f6r mig.<\/p>\n\n\n\n<p class=\"has-white-color has-text-color\"><a href=\"https:\/\/blog.peter-coulson.com.au\/\" title=\"\">https:\/\/blog.peter-coulson.com.au\/<\/a><\/p>\n\n\n\n<p><\/p>\n\n\n\n<h2 class=\"wp-block-heading\">Peter Jigerstr\u00f6m<\/h2>\n\n\n\n<p class=\"has-white-color has-text-color\">V\u00e4n och kollega med det d\u00e4r lilla extra bildm\u00e4ssiga<\/p>\n\n\n\n<p><a href=\"http:\/\/www.jigerstrom.se\/\" title=\"\">http:\/\/www.jigerstrom.se\/<\/a><\/p>\n\n\n\n<p><\/p>\n\n\n\n<h2 class=\"wp-block-heading\">\u00c5ke Karlsson<\/h2>\n\n\n\n<p class=\"has-white-color has-text-color\">Vi arbetade ihop p\u00e5 olika s\u00e4tt inom media i m\u00e5nga \u00e5r.  Titta in p\u00e5 hans alster!<\/p>\n\n\n\n<p><a href=\"https:\/\/www.fotografkarlsson.se\/\" title=\"\">www.fotografkarlsson.se\/<\/a><\/p>\n\n\n\n<p><\/p>\n\n\n\n<h2 class=\"wp-block-heading\">Mia Karlsv\u00e4rd<\/h2>\n\n\n\n<p class=\"has-white-color has-text-color\">Mia har genom \u00e5ren varit en f\u00f6reg\u00e5ngare inom multimedia och journalistik.<\/p>\n\n\n\n<p><a href=\"https:\/\/miakarlsvard.com\/\" title=\"\">https:\/\/miakarlsvard.com\/<\/a><\/p>\n\n\n\n<p><\/p>\n\n\n\n<h2 class=\"wp-block-heading\">Per Karlsson<\/h2>\n\n\n\n<p class=\"has-white-color has-text-color\">Vi l\u00e4rde k\u00e4nna varandra f\u00f6r s\u00e5 l\u00e4nge sen att jag inte l\u00e4ngre minns. Per kommer fr\u00e5n Eskilstuna och arbetade som ansikte ut\u00e5t p\u00e5 Canon mot proffsmarknaden.<\/p>\n\n\n\n<p class=\"has-white-color has-text-color\">perkarlsson.com<\/p>\n\n\n\n<p class=\"has-white-color has-text-color has-large-font-size\"><strong>G\u00f6ran Billeson<\/strong><\/p>\n\n\n\n<p class=\"has-white-color has-text-color\">Mycket kunnig gammal kollega som tidigt hade det klart f\u00f6r sig vad han skulle g\u00f6ra: Utveckla egna projekt och d\u00e5 mestadels b\u00f6cker och faktiskt vykort.<\/p>\n\n\n\n<p><a href=\"https:\/\/www.billeson.com\/\">https:\/\/www.billeson.com\/<\/a><\/p>\n\n\n\n<p class=\"has-white-color has-text-color has-large-font-size\"><strong>Inre h\u00e4lsas hypnosskola<\/strong><\/p>\n\n\n\n<p class=\"has-white-color has-text-color\">Niklas Lindvall \u00e4r drivande och n\u00e4rvarande i l\u00e4randet, v\u00e5ga testa!<\/p>\n\n\n\n<p><a href=\"https:\/\/hypnosterapin.se\/https:\/\/hypnosterapin.se\/\">https:\/\/hypnosterapin.se\/https:\/\/hypnosterapin.se\/<\/a><\/p>\n\n\n\n<p><\/p>\n\n\n\n<p><\/p>\n\n\n\n<p><\/p>\n\n\n\n<p class=\"has-white-color has-text-color has-huge-font-size\">Wighsnews<\/p>\n\n\n\n<p class=\"has-white-color has-text-color\">Vi tr\u00e4ffades n\u00e4r vi var en aning yngre och arbetade med nyheter inom bl\u00e5ljus och media. Det g\u00f6r vi fortfarande p\u00e5 olika s\u00e4tt.  Titta in p\u00e5 hans sida,<\/p>\n\n\n\n<p class=\"has-white-color has-text-color has-large-font-size\"><a rel=\"noreferrer noopener\" href=\"http:\/\/wighsnews.se\/wordpress\/\" target=\"_blank\">http:\/\/wighsnews.se\/wordpress\/<\/a><\/p>\n\n\n\n<p class=\"has-white-color has-text-color has-huge-font-size\">Lillemor Molin<\/p>\n\n\n\n<p>Vi k\u00e4nner varandra sen m\u00e5nga \u00e5r b\u00e5de privat och genom jobbet. Hon \u00e4r en p\u00e4rla b\u00e5de bakom och framf\u00f6r kameran.<\/p>\n\n\n\n<p class=\"has-white-color has-text-color has-large-font-size\"><a href=\"https:\/\/lillysintruder800.wordpress.com\/\">https:\/\/lillysintruder800.wordpress.com\/<\/a><\/p>\n\n\n\n<p><\/p>\n\n\n\n<p class=\"has-white-color has-text-color has-huge-font-size\">Shaft Uddin&nbsp;<\/p>\n\n\n\n<p class=\"has-white-color has-text-color\" id=\"tw-target-text\">We have many mutual friends and Shaft has a knack for making connections in everything he does.<\/p>\n\n\n\n<p class=\"has-white-color has-text-color\">WOMEN \/ MEN \/ COUPLES Coaching + Healing with Shaft: \u202a<a href=\"http:\/\/www.sacredsexualawakening.com\/?fbclid=IwZXh0bgNhZW0CMTAAAR2PjjKaMuHkd-2h0Y1NXst6XqxKw-JufgeAb-xLEdiygTdBCeHnxwlPdPA_aem_cPLRbKR49XxSbhKBJO0j2w\" target=\"_blank\" rel=\"noreferrer noopener\">www.sacredsexualawakening.com<\/a> \u202c <\/p>\n\n\n\n<p class=\"has-white-color has-text-color\">Online courses: <a href=\"http:\/\/www.tantrawithshaft.com\/?fbclid=IwZXh0bgNhZW0CMTAAAR2GyARIV50sx-zPxMs5h5nYbrlO0II76xunLU5M3AB494GYJZT8qRCf1NQ_aem_mFbdKxVVQL9107tjne53FA\" target=\"_blank\" rel=\"noreferrer noopener\">www.tantrawithshaft.com<\/a> DM me and my life on Instagram: <a href=\"http:\/\/www.instagram.com\/shaftuddin\/?fbclid=IwZXh0bgNhZW0CMTAAAR1jywTFtSgGIdHZ9a6u3JPxPGrOaiHNiSdxoBAhRvcFuCpVN45WkM2rvG0_aem_f8n3McVey5yPPsyH_t1t_Q\" target=\"_blank\" rel=\"noreferrer noopener\">www.instagram.com\/shaftuddin\/<\/a> \u202c Viral Content, Podcasts, Meditations, Tutorials &amp; Vlogs and so much more YouTube: <a href=\"https:\/\/www.youtube.com\/user\/shaftuddin?fbclid=IwZXh0bgNhZW0CMTAAAR2ihPUuOVMjP-k-RQAbi_r0ri7ygAVoEtgKCDDESEeNiYvJuyEjIIlFVPI_aem_E88CTATRFmgwOEFA6-o5Hw\" target=\"_blank\" rel=\"noreferrer noopener\">https:\/\/www.youtube.com\/user\/shaftuddin<\/a> Events &amp; Retreats on Facebook: \u202a<a href=\"https:\/\/www.facebook.com\/SacredSA\" target=\"_blank\" rel=\"noreferrer noopener\">www.facebook.com\/SacredSA<\/a> \u202c Online course &amp; educational content on OnlyFans: <a href=\"https:\/\/onlyfans.com\/theshaftshow?fbclid=IwZXh0bgNhZW0CMTAAAR2yqjmOYV8nyJNSK-M0DbMqXnd3ViXvdgX1BYWEkd33T5ZOdVwIIA-RawI_aem_uC62MYOA_iiJpduHJq9X7A\" target=\"_blank\" rel=\"noreferrer noopener\">https:\/\/onlyfans.com\/theshaftshow<\/a><\/p>\n\n\n\n<p><a href=\"http:\/\/www.sacredsexualawakening.com\/?fbclid=IwZXh0bgNhZW0CMTAAAR2yEcy7g1qZ_j2upq40qG4pOi6b7nAw7-BZWI_JFedt-61FzZ8WooRE3K4_aem__ksKOsECoelPSFE0-IJ5Ig\" rel=\"noreferrer noopener\" target=\"_blank\"><\/a><\/p>\n\n\n\n<figure class=\"wp-block-image is-style-default\"><a href=\"http:\/\/www.sacredsexualawakening.com\/?fbclid=IwZXh0bgNhZW0CMTAAAR2yEcy7g1qZ_j2upq40qG4pOi6b7nAw7-BZWI_JFedt-61FzZ8WooRE3K4_aem__ksKOsECoelPSFE0-IJ5Ig\" target=\"_blank\" rel=\"noreferrer noopener\"><img decoding=\"async\" src=\"https:\/\/external.xx.fbcdn.net\/emg1\/v\/t13\/12582721414797393240?url=http%3A%2F%2Fstatic1.squarespace.com%2Fstatic%2F5734b84f04426234cfb07835%2Ft%2F591f0f75197aea7417fea2fd%2F1495207798499%2FSACRED-SEXUAL-AWAKENING-IMAGES-HOME-2017.jpg%3Fformat%3D1500w&amp;fb_obo=1&amp;utld=squarespace.com&amp;stp=c0.5000x0.5000f_dst-emg0_p300x157_q75&amp;ccb=13-1&amp;oh=06_Q3997BsXU4zJDh5z9O5ewnsTBSUmHZNuIjcT36ej3RVRufs&amp;oe=6682392A&amp;_nc_sid=c24604\" alt=\"\"\/><\/a><\/figure>\n\n\n\n<p><a href=\"http:\/\/www.sacredsexualawakening.com\/?fbclid=IwZXh0bgNhZW0CMTAAAR2yEcy7g1qZ_j2upq40qG4pOi6b7nAw7-BZWI_JFedt-61FzZ8WooRE3K4_aem__ksKOsECoelPSFE0-IJ5Ig\" rel=\"noreferrer noopener\" target=\"_blank\">Sacred Sexual Awakening<\/a><\/p>\n","protected":false},"excerpt":{"rendered":"<p>Siri Artist fr\u00e5n Berlin som numera \u00e4r baserad i Link\u00f6ping som konstn\u00e4r med flera grenar. Tittar du in p\u00e5 hennes sidor hittar du makal\u00f6sa nakenstudier och minst lika fina Link\u00f6pingsmotiv. https:\/\/www.sirisundin.com\/ Frida Nyfiken p\u00e5 vad olika triggers g\u00f6r med dig? Kolla in Fridas hemsida! https:\/\/www.freedombyfrida.com Stefan Hagdahl Stefan \u00e4r en varm person som efter m\u00e5nga [&hellip;]<\/p>\n","protected":false},"author":1,"featured_media":0,"parent":0,"menu_order":0,"comment_status":"closed","ping_status":"closed","template":"","meta":{"om_disable_all_campaigns":false,"_monsterinsights_skip_tracking":false,"_monsterinsights_sitenote_active":false,"_monsterinsights_sitenote_note":"","_monsterinsights_sitenote_category":0,"_uf_show_specific_survey":0,"_uf_disable_surveys":false,"slim_seo":{"title":"L\u00e4nktips - Johnny Gustavsson","description":"Siri Artist fr\u00e5n Berlin som numera \u00e4r baserad i Link\u00f6ping som konstn\u00e4r med flera grenar. Tittar du in p\u00e5 hennes sidor hittar du makal\u00f6sa nakenstudier och minst"},"footnotes":""},"class_list":["post-423","page","type-page","status-publish","hentry"],"aioseo_notices":[],"_links":{"self":[{"href":"https:\/\/johnny-gustavsson.se\/wordpress\/wp-json\/wp\/v2\/pages\/423","targetHints":{"allow":["GET"]}}],"collection":[{"href":"https:\/\/johnny-gustavsson.se\/wordpress\/wp-json\/wp\/v2\/pages"}],"about":[{"href":"https:\/\/johnny-gustavsson.se\/wordpress\/wp-json\/wp\/v2\/types\/page"}],"author":[{"embeddable":true,"href":"https:\/\/johnny-gustavsson.se\/wordpress\/wp-json\/wp\/v2\/users\/1"}],"replies":[{"embeddable":true,"href":"https:\/\/johnny-gustavsson.se\/wordpress\/wp-json\/wp\/v2\/comments?post=423"}],"version-history":[{"count":34,"href":"https:\/\/johnny-gustavsson.se\/wordpress\/wp-json\/wp\/v2\/pages\/423\/revisions"}],"predecessor-version":[{"id":3173,"href":"https:\/\/johnny-gustavsson.se\/wordpress\/wp-json\/wp\/v2\/pages\/423\/revisions\/3173"}],"wp:attachment":[{"href":"https:\/\/johnny-gustavsson.se\/wordpress\/wp-json\/wp\/v2\/media?parent=423"}],"curies":[{"name":"wp","href":"https:\/\/api.w.org\/{rel}","templated":true}]}}